{"id":27,"date":"2023-03-14T14:23:15","date_gmt":"2023-03-14T13:23:15","guid":{"rendered":"https:\/\/savoieimmolac.fr\/?page_id=27"},"modified":"2025-10-11T16:43:36","modified_gmt":"2025-10-11T14:43:36","slug":"materialis","status":"publish","type":"page","link":"https:\/\/savoieimmolac.fr\/","title":{"rendered":"Accueil"},"content":{"rendered":"<div  data-label=\"About\" data-id=\"about--1\" data-export-id=\"about-9\" data-category=\"about\" class=\"about-9 content-section content-section-spacing-large\" id=\"about-7\" style=\"background-color: rgb(255, 255, 255); background-image: none;\"><div  class=\"gridContainer\"> <div  class=\"row middle-sm text-center\"><div  class=\"col-sm-5 space-bottom-xs content-column content-center-sm\" data-type=\"column\">  <h2  class=\"\"><span  style=\"font-family: Playfair Display,sans-serif; font-weight: 700; font-style: italic;\" href=\"#\"><font  dir=\"auto\" style=\"vertical-align: inherit;\"><font  dir=\"auto\" style=\"vertical-align: inherit;\">Accueil&nbsp;<\/font><\/font><\/span><\/h2>  <p  class=\"lead\">L\u2019Equipe de Savoie Immo Lac vous informe que l\u2019agence sera ferm\u00e9e tous les matins au public.<br ><br >Le standard quant \u00e0 lui reste bien entendu ouvert tous les jours au public de 9h \u00e0 12h et de 14h \u00e0 18h (sauf fermeture \u00e0 17h le vendredi).<\/p><\/div> <div  class=\"col-sm-7 flexbox flexbox middle-xs center-xs\"><div  class=\"overlay-box flexbox middle-xs center-xs overlay-holder \"> <div  class=\"overlay-box-offset offset-background mdc-elevation--z5 bg-color2 hide-xs border-radius-8\"><\/div> <img  decoding=\"async\" class=\"flexbox mdc-elevation--z10 img1 rounded\" src=\"https:\/\/savoieimmolac.fr\/wp-content\/uploads\/2023\/04\/cropped-cropped-devanture-scaled-1.jpg\"><\/div> <\/div><\/div> <\/div><\/div><div  data-label=\"About\" data-id=\"about--2\" data-export-id=\"about-1\" data-category=\"about\" class=\"about-1 content-section content-section-spacing-large\" id=\"about-8\" style=\"background-color: rgb(255, 255, 255); background-image: none;\"><div  class=\"gridContainer\"> <div  class=\"row col-xs-12\"><div  class=\"section-title-col content-center-sm\" data-type=\"column\">  <h2  class=\"\"><span  href=\"#\" style=\"font-weight: 700; font-family: Playfair Display,sans-serif; font-style: italic;\"><font  dir=\"auto\" style=\"vertical-align: inherit;\"><font  dir=\"auto\" style=\"vertical-align: inherit;\">Nous d\u00e9couvrons<\/font><\/font><\/span>&nbsp;<\/h2><h5  class=\"\"><i >Lorrie PUGEAT, 16 ans d\u2019exp\u00e9rience dans l\u2019immobilier<br >et<br >Nathalie OLIVIER, juriste de formation,<br ><br >ont toutes les deux exerc\u00e9 le m\u00e9tier de syndic de copropri\u00e9t\u00e9 sur<br >le bassin Aixois et Chamb\u00e9rien.\n<\/i><\/h5> <p  class=\"\"><b >La philosophie du Cabinet :<\/b><u  style=\"font-size: 17.6px;\"><b ><i ><\/i><\/b><\/u><\/p><p  class=\"lead\">R\u00e9humaniser l\u2019activit\u00e9 de syndic dans l\u2019approche de la copropri\u00e9t\u00e9 et dans l\u2019\u00e9coute des copropri\u00e9taires.<\/p><p  class=\"\"><i ><u >&nbsp; &nbsp; &nbsp; &nbsp; &nbsp; &nbsp; &nbsp; &nbsp; &nbsp; &nbsp; &nbsp; &nbsp; &nbsp; &nbsp; &nbsp; &nbsp; &nbsp; &nbsp; &nbsp; &nbsp; &nbsp; &nbsp; &nbsp; &nbsp; &nbsp; &nbsp; &nbsp; &nbsp; &nbsp; &nbsp; &nbsp; &nbsp; &nbsp; &nbsp; &nbsp; &nbsp;<\/u><\/i><\/p><p  class=\"\"><b >Les moyens mis en \u0153uvre :&nbsp;<\/b><u  style=\"font-size: 17.6px;\"><i ><b ><\/b><\/i><\/u><\/p><p  class=\"lead\">Un engagement de gestion \u00e0 taille humaine<br >Une qualit\u00e9 de service \u00e0 votre disposition<br >La digitalisation au coeur de la communication<br >Un accompagnement bas\u00e9 sur des partenaires localement reconnus.<\/p><\/div> <\/div> <div  class=\"row col-xs-12\"> <div  class=\"button-holder space-bottom space-bottom-small content-center-sm\" data-type=\"column\"> <\/div> <div  class=\"col-xs bottom-xs flexbox image-group-bottom-3-img center-xs\"> <img  decoding=\"async\" class=\"left-img mdc-elevation--z10 rounded-topleft-topright\" data-size=\"400x275\" src=\"https:\/\/savoieimmolac.fr\/wp-content\/uploads\/2023\/04\/cropped-cropped-cropped-salle-dattente-1-scaled-1.jpg\"> <img  decoding=\"async\" class=\"center-img mdc-elevation--z10 rounded-topleft-topright\" data-size=\"500x325\" src=\"https:\/\/savoieimmolac.fr\/wp-content\/uploads\/2023\/04\/cropped-cropped-salle-reunion-scaled-2.jpg\"> <img  decoding=\"async\" class=\"right-img mdc-elevation--z10 rounded-topleft-topright\" data-size=\"400x275\" src=\"https:\/\/savoieimmolac.fr\/wp-content\/uploads\/2023\/04\/cropped-cropped-accueil-2-1-scaled-1.jpg\"><\/div> <\/div><\/div> <\/div><div  id=\"contact-1\" data-label=\"Contact\" data-id=\"contact-1\" data-export-id=\"contact-1\" data-category=\"contact\" class=\"contact-1 content-section content-section-spacing-large content-relative white-text\" data-parallax-depth=\"20\" style=\"background-image: url(&quot;https:\/\/savoieimmolac.fr\/wp-content\/uploads\/2023\/03\/LOGO-SAVOIE-IMMO-LAC_FOND-BLEU.png&quot;); background-size: cover; background-position: center top;\"><div  class=\"gridContainer\"> <div  class=\"row text-center\"><div  class=\"section-title-col\" data-type=\"column\"> <h2  class=\"\"><\/h2> <\/div> <\/div> <div  class=\"row text-center\"> <div  class=\"col-xs-12 col-sm-8 col-sm-offset-2 contact-form-wrapper inline-info\"> <div  class=\"card mdc-elevation--z3 col-padding-top\"> <div  class=\"dark-text\" data-content-shortcode=\"materialis_contact_form shortcode=&quot;wpforms id=&amp;amp;quot;37&amp;amp;quot;&quot;\" data-editable=\"true\"><div class=\"wpforms-container wpforms-container-full\" id=\"wpforms-37\"><form id=\"wpforms-form-37\" class=\"wpforms-validate wpforms-form wpforms-ajax-form\" data-formid=\"37\" method=\"post\" enctype=\"multipart\/form-data\" action=\"\/index.php?rest_route=%2Fwp%2Fv2%2Fpages%2F27\" data-token=\"20ab9dc754d5970592e34a1ddea8f189\"><noscript class=\"wpforms-error-noscript\">Please enable JavaScript in your browser to complete this form.<\/noscript><div class=\"wpforms-field-container\"><div id=\"wpforms-37-field_0-container\" class=\"wpforms-field wpforms-field-name\" data-field-id=\"0\"><label class=\"wpforms-field-label\" for=\"wpforms-37-field_0\">Nom <span class=\"wpforms-required-label\">*<\/span><\/label><div class=\"wpforms-field-row wpforms-field-medium\"><div class=\"wpforms-field-row-block wpforms-first wpforms-one-half\"><input type=\"text\" id=\"wpforms-37-field_0\" class=\"wpforms-field-name-first wpforms-field-required\" name=\"wpforms[fields][0][first]\" required><label for=\"wpforms-37-field_0\" class=\"wpforms-field-sublabel after \">First<\/label><\/div><div class=\"wpforms-field-row-block wpforms-one-half\"><input type=\"text\" id=\"wpforms-37-field_0-last\" class=\"wpforms-field-name-last wpforms-field-required\" name=\"wpforms[fields][0][last]\" required><label for=\"wpforms-37-field_0-last\" class=\"wpforms-field-sublabel after \">Last<\/label><\/div><\/div><\/div><div id=\"wpforms-37-field_1-container\" class=\"wpforms-field wpforms-field-email\" data-field-id=\"1\"><label class=\"wpforms-field-label\" for=\"wpforms-37-field_1\">E-mail <span class=\"wpforms-required-label\">*<\/span><\/label><input type=\"email\" id=\"wpforms-37-field_1\" class=\"wpforms-field-medium wpforms-field-required\" name=\"wpforms[fields][1]\" required><\/div><div id=\"wpforms-37-field_2-container\" class=\"wpforms-field wpforms-field-textarea\" data-field-id=\"2\"><label class=\"wpforms-field-label\" for=\"wpforms-37-field_2\">Commentaire ou message<\/label><textarea id=\"wpforms-37-field_2\" class=\"wpforms-field-medium\" name=\"wpforms[fields][2]\" ><\/textarea><\/div><\/div><div class=\"wpforms-submit-container\"><input type=\"hidden\" name=\"wpforms[id]\" value=\"37\"><input type=\"hidden\" name=\"wpforms[author]\" value=\"1\"><button type=\"submit\" name=\"wpforms[submit]\" id=\"wpforms-submit-37\" class=\"wpforms-submit\" data-alt-text=\"Envoi...\" data-submit-text=\"Envoyer\" aria-live=\"assertive\" value=\"wpforms-submit\">Envoyer<\/button><img src=\"https:\/\/savoieimmolac.fr\/wp-content\/plugins\/wpforms-lite\/assets\/images\/submit-spin.svg\" class=\"wpforms-submit-spinner\" style=\"display: none;\" width=\"26\" height=\"26\" alt=\"Loading\"><\/div><\/form><\/div>  <!-- .wpforms-container --><\/div><\/div> <\/div><\/div> <\/div><\/div><div class=\"gridContainer\"><p ><\/p><\/div>","protected":false},"excerpt":{"rendered":"","protected":false},"author":1,"featured_media":0,"parent":0,"menu_order":0,"comment_status":"closed","ping_status":"closed","template":"page-templates\/homepage.php","meta":[],"_links":{"self":[{"href":"https:\/\/savoieimmolac.fr\/index.php?rest_route=\/wp\/v2\/pages\/27"}],"collection":[{"href":"https:\/\/savoieimmolac.fr\/index.php?rest_route=\/wp\/v2\/pages"}],"about":[{"href":"https:\/\/savoieimmolac.fr\/index.php?rest_route=\/wp\/v2\/types\/page"}],"author":[{"embeddable":true,"href":"https:\/\/savoieimmolac.fr\/index.php?rest_route=\/wp\/v2\/users\/1"}],"replies":[{"embeddable":true,"href":"https:\/\/savoieimmolac.fr\/index.php?rest_route=%2Fwp%2Fv2%2Fcomments&post=27"}],"version-history":[{"count":41,"href":"https:\/\/savoieimmolac.fr\/index.php?rest_route=\/wp\/v2\/pages\/27\/revisions"}],"predecessor-version":[{"id":136,"href":"https:\/\/savoieimmolac.fr\/index.php?rest_route=\/wp\/v2\/pages\/27\/revisions\/136"}],"wp:attachment":[{"href":"https:\/\/savoieimmolac.fr\/index.php?rest_route=%2Fwp%2Fv2%2Fmedia&parent=27"}],"curies":[{"name":"wp","href":"https:\/\/api.w.org\/{rel}","templated":true}]}}